{"id":4280,"date":"2023-06-13T10:50:18","date_gmt":"2023-06-13T10:50:18","guid":{"rendered":"https:\/\/nstermomontaza.rs\/?page_id=4280"},"modified":"2023-08-01T08:45:35","modified_gmt":"2023-08-01T08:45:35","slug":"management","status":"publish","type":"page","link":"https:\/\/nstermomontaza.rs\/sr\/management\/","title":{"rendered":"Menad\u017ement"},"content":{"rendered":"<section class=\"wpb-content-wrapper\"><div data-src=\"https:\/\/nstermomontaza.rs\/wp-content\/uploads\/2023\/06\/cover-3-scaled.jpg\" id=\"tm-row-69d80df7ba9d2\" data-vc-full-width=\"true\" data-vc-full-width-init=\"false\" class=\"vc_row vc_row-outer vc_row-fluid tm-lazy-load vc_row-o-content-middle vc_row-flex\"><div id=\"tm-column-69d80df7bb3f6\" class=\"wpb_column vc_column_container vc_col-sm-12 vc_col-lg-6 vc_col-md-6\"><div class=\"vc_column-inner\"><div class=\"wpb_wrapper\"><div class=\"tm-spacer\" id=\"tm-spacer-69d80df7bb5eb\"><\/div>\n\n\t<div class=\"wpb_text_column wpb_content_element  white-txt\" >\n\t\t<div class=\"wpb_wrapper\">\n\t\t\t<h1>Menad\u017ement<\/h1>\n\n\t\t<\/div>\n\t<\/div>\n<\/div><\/div><\/div><div id=\"tm-column-69d80df7bb8d5\" class=\"wpb_column vc_column_container vc_col-sm-12 vc_col-lg-offset-1 vc_col-lg-5 vc_col-md-offset-1 vc_col-md-5\"><div class=\"vc_column-inner\"><div class=\"wpb_wrapper\"><div class=\"tm-spacer\" id=\"tm-spacer-69d80df7bba88\"><\/div>\n<\/div><\/div><\/div><div id=\"tm-column-69d80df7bbddb\" class=\"wpb_column vc_column_container vc_col-sm-12\"><div class=\"vc_column-inner\"><div class=\"wpb_wrapper\"><div class=\"tm-spacer\" id=\"tm-spacer-69d80df7bbf52\"><\/div>\n<\/div><\/div><\/div><\/div><div class=\"vc_row-full-width vc_clearfix\"><\/div><div id=\"tm-row-69d80df7bc096\" class=\"vc_row vc_row-outer vc_row-fluid\"><div id=\"tm-column-69d80df7bc2c9\" class=\"wpb_column vc_column_container vc_col-sm-12\"><div class=\"vc_column-inner\"><div class=\"wpb_wrapper\"><div class=\"tm-spacer\" id=\"tm-spacer-69d80df7bc3e7\"><\/div>\n<\/div><\/div><\/div><\/div><div id=\"tm-row-69d80df7bc4f1\" class=\"vc_row vc_row-outer vc_row-fluid\"><div id=\"tm-column-69d80df7bc6a6\" class=\"wpb_column vc_column_container vc_col-sm-4\"><div class=\"vc_column-inner\"><div class=\"wpb_wrapper\">\n\t<div class=\"wpb_text_column wpb_content_element  heading\" >\n\t\t<div class=\"wpb_wrapper\">\n\t\t\t<h4 style=\"text-align: center;\">MENAD\u017dMENT<\/h4>\n\n\t\t<\/div>\n\t<\/div>\n<div class=\"tm-spacer\" id=\"tm-spacer-69d80df7bc826\"><\/div>\n<div class=\"tm-spacer\" id=\"tm-spacer-69d80df7bc854\"><\/div>\n<div class=\"tm-spacer\" id=\"tm-spacer-69d80df7bc878\"><\/div>\n<\/div><\/div><\/div><div id=\"tm-column-69d80df7bc959\" class=\"wpb_column vc_column_container vc_col-sm-4\"><div class=\"vc_column-inner\"><div class=\"wpb_wrapper\"><div id=\"tm-row-inner-69d80df7bcb35\" class=\"vc_row vc_inner vc_row-fluid vc_row-o-content-middle vc_row-flex\"><div id=\"tm-column-inner-69d80df7bcf07\" class=\"wpb_column vc_column_container vc_col-sm-2\"><div class=\"vc_column-inner\"><div class=\"wpb_wrapper\"><div class=\"tm-image  tm-animation move-up\" id=\"tm-image-69d80df7bd17c\">\n\t\t\t<div class=\"image\"><img decoding=\"async\" src=\"https:\/\/nstermomontaza.rs\/wp-content\/uploads\/2023\/06\/icon1-2.svg\" alt=\"icon1\" \/><\/div>\t\t<\/div>\n<div class=\"tm-spacer\" id=\"tm-spacer-69d80df7c3451\"><\/div>\n<\/div><\/div><\/div><div id=\"tm-column-inner-69d80df7c360d\" class=\"wpb_column vc_column_container vc_col-sm-10\"><div class=\"vc_column-inner\"><div class=\"wpb_wrapper\">\n\t<div class=\"wpb_text_column wpb_content_element\" >\n\t\t<div class=\"wpb_wrapper\">\n\t\t\t<p><strong>Dr Jovana Ra\u0161kovi\u0107a 9<\/strong><br \/>\n<strong>Novi Sad, Serbia<\/strong><\/p>\n\n\t\t<\/div>\n\t<\/div>\n<\/div><\/div><\/div><\/div><\/div><\/div><\/div><div id=\"tm-column-69d80df7c3bd0\" class=\"wpb_column vc_column_container vc_col-sm-4\"><div class=\"vc_column-inner\"><div class=\"wpb_wrapper\"><div id=\"tm-row-inner-69d80df7c3f82\" class=\"vc_row vc_inner vc_row-fluid vc_row-o-content-middle vc_row-flex\"><div id=\"tm-column-inner-69d80df7c42f6\" class=\"wpb_column vc_column_container vc_col-sm-2\"><div class=\"vc_column-inner\"><div class=\"wpb_wrapper\"><div class=\"tm-image  tm-animation move-up\" id=\"tm-image-69d80df7c4569\">\n\t\t\t<div class=\"image\"><img decoding=\"async\" src=\"https:\/\/nstermomontaza.rs\/wp-content\/uploads\/2023\/06\/icon2.svg\" alt=\"icon2\" \/><\/div>\t\t<\/div>\n<div class=\"tm-spacer\" id=\"tm-spacer-69d80df7c6d0c\"><\/div>\n<\/div><\/div><\/div><div id=\"tm-column-inner-69d80df7c6fe6\" class=\"wpb_column vc_column_container vc_col-sm-10\"><div class=\"vc_column-inner\"><div class=\"wpb_wrapper\">\n\t<div class=\"wpb_text_column wpb_content_element\" >\n\t\t<div class=\"wpb_wrapper\">\n\t\t\t<p><strong>+381 21 512-245<\/strong><br \/>\n<strong>+381 21 512-767<\/strong><\/p>\n\n\t\t<\/div>\n\t<\/div>\n<\/div><\/div><\/div><\/div><\/div><\/div><\/div><\/div><div id=\"tm-row-69d80df7c77cd\" class=\"vc_row vc_row-outer vc_row-fluid\"><div id=\"tm-column-69d80df7c7ce5\" class=\"wpb_column vc_column_container vc_col-sm-12\"><div class=\"vc_column-inner\"><div class=\"wpb_wrapper\"><div class=\"tm-spacer\" id=\"tm-spacer-69d80df7c8008\"><\/div>\n<\/div><\/div><\/div><\/div><div id=\"tm-row-69d80df7c831c\" class=\"vc_row vc_row-outer vc_row-fluid\"><div id=\"tm-column-69d80df7c8982\" class=\"wpb_column vc_column_container vc_col-sm-3 vc_col-lg-4 vc_col-md-4\"><div class=\"vc_column-inner\"><div class=\"wpb_wrapper\">\n\t<div class=\"wpb_text_column wpb_content_element  vc_custom_1690879043513 white-txt\" >\n\t\t<div class=\"wpb_wrapper\">\n\t\t\t<p>Generalni direktor<br \/>\n<strong><big>Nemanja Karan<\/big><\/strong><\/p>\n<p>+381 69 57 76 916<br \/>\n<u><a href=\"mailto:nstermo@gmail.com\">nstermo@gmail.com<\/a><\/u><br \/>\n<u><a href=\"mailto:nemanjakaran87@gmail.com\">nemanjakaran87@gmail.com<\/a><\/u><\/p>\n\n\t\t<\/div>\n\t<\/div>\n<div class=\"tm-spacer\" id=\"tm-spacer-69d80df7c8da3\"><\/div>\n<\/div><\/div><\/div><div id=\"tm-column-69d80df7c8fec\" class=\"wpb_column vc_column_container vc_col-sm-6 vc_col-lg-4 vc_col-md-4\"><div class=\"vc_column-inner\"><div class=\"wpb_wrapper\">\n\t<div class=\"wpb_text_column wpb_content_element  vc_custom_1690878932464 white-txt\" >\n\t\t<div class=\"wpb_wrapper\">\n\t\t\t<p>Izvr\u0161ni direktor<br \/>\n<strong><big>Milovan Ostoji\u0107<\/big><\/strong><br \/>\n<em>Dipl. ma\u0161. in\u017e.<\/em><\/p>\n<p>+381 62 803 89 67<br \/>\n<u><a href=\"mailto:milovan.ostojic@nstermomontaza.rs\">milovan.ostojic@nstermomontaza.rs<\/a><\/u><\/p>\n\n\t\t<\/div>\n\t<\/div>\n<\/div><\/div><\/div><div id=\"tm-column-69d80df7c9598\" class=\"wpb_column vc_column_container vc_col-sm-4\"><div class=\"vc_column-inner\"><div class=\"wpb_wrapper\">\n\t<div class=\"wpb_text_column wpb_content_element  vc_custom_1690879417042 white-txt\" >\n\t\t<div class=\"wpb_wrapper\">\n\t\t\t<p>Tehni\u010dki direktor<br \/>\n<strong><big>Du\u0161an \u017divi\u0107<\/big><\/strong><br \/>\n<em>Dipl. ma\u0161. in\u017e.<\/em><\/p>\n<p>+381 65 550 10 50<br \/>\n<u><a href=\"mailto:Dusan.zivic@nstermomontaza.rs\">Dusan.zivic@nstermomontaza.rs<\/a><\/u><\/p>\n\n\t\t<\/div>\n\t<\/div>\n<\/div><\/div><\/div><\/div><div id=\"tm-row-69d80df7c9b98\" class=\"vc_row vc_row-outer vc_row-fluid\"><div id=\"tm-column-69d80df7c9fb2\" class=\"wpb_column vc_column_container vc_col-sm-12\"><div class=\"vc_column-inner\"><div class=\"wpb_wrapper\"><div class=\"tm-spacer\" id=\"tm-spacer-69d80df7ca23d\"><\/div>\n<\/div><\/div><\/div><\/div><div data-src=\"https:\/\/nstermomontaza.rs\/wp-content\/uploads\/2023\/06\/banner-bg2.jpg\" id=\"tm-row-69d80df7cab60\" class=\"vc_row vc_row-outer vc_row-fluid tm-lazy-load\"><div id=\"tm-column-69d80df7cb1bf\" class=\"wpb_column vc_column_container vc_col-sm-12 vc_col-lg-8 vc_col-md-8\"><div class=\"vc_column-inner\"><div class=\"wpb_wrapper\">\n\t<div class=\"wpb_text_column wpb_content_element  text-align\" >\n\t\t<div class=\"wpb_wrapper\">\n\t\t\t<p>Da li ste mladi, ambiciozni i \u017eeljni dokazivanja i napredovanja u karijeri?<\/p>\n\n\t\t<\/div>\n\t<\/div>\n<div class=\"tm-spacer\" id=\"tm-spacer-69d80df7cb44c\"><\/div>\n\n\t<div class=\"wpb_text_column wpb_content_element  text-align\" >\n\t\t<div class=\"wpb_wrapper\">\n\t\t\t<h4><strong>Nudimo Vam mogu\u0107nost stalnog zaposlenja.<\/strong><\/h4>\n\n\t\t<\/div>\n\t<\/div>\n<div class=\"tm-spacer\" id=\"tm-spacer-69d80df7cb541\"><\/div>\n<\/div><\/div><\/div><div id=\"tm-column-69d80df7cb6e8\" class=\"wpb_column vc_column_container vc_col-sm-12 vc_col-lg-1\/5 vc_col-md-1\/5\"><div class=\"vc_column-inner\"><div class=\"wpb_wrapper\"><div class=\"tm-button-wrapper\" id=\"tm-button-69d80df7cbbca\">\n\t\t<a class=\"tm-button style-flat tm-button-lg tm-button-custom tm-button- tm-button-full-wide\" href=\"https:\/\/nstermomontaza.rs\/sr\/employment\/\"\n\t\t\t>\n\n\t\t\n\t\t\t\t\t\t<span class=\"button-text\" data-text=\"Apply now\">\n\t\t\t\tPrijavite se\t\t\t<\/span>\n\t\t\t\n\t\t\n\n\t<\/a>\n<\/div>\n<\/div><\/div><\/div><\/div><div id=\"tm-row-69d80df7cc729\" class=\"vc_row vc_row-outer vc_row-fluid\"><div id=\"tm-column-69d80df7cca19\" class=\"wpb_column vc_column_container vc_col-sm-12\"><div class=\"vc_column-inner\"><div class=\"wpb_wrapper\"><div class=\"tm-spacer\" id=\"tm-spacer-69d80df7ccbd0\"><\/div>\n<\/div><\/div><\/div><\/div>\n<\/section>","protected":false},"excerpt":{"rendered":"Management MANAGEMENT Dr Jovana Ra\u0161kovi\u0107a 9 Novi Sad, Serbia +381 21 512-245 +381 21 512-767 CEO Nemanja Karan +381 69 57 76 916 nstermo@gmail.com nemanjakaran87@gmail.com Executive Director Milovan Ostoji\u0107 Dipl. Mech. Eng. +381 62 803 89 67 milovan.ostojic@nstermomontaza.rs Technical Director Du\u0161an \u017divi\u0107 Dipl. Mech. Eng. +381 65 550 10 50 Dusan.zivic@nstermomontaza.rs Are you young, ambitious and eager to prove yourself and advance in your career? We offer you the possibility of permanent employment. Apply now","protected":false},"author":1,"featured_media":0,"parent":0,"menu_order":0,"comment_status":"closed","ping_status":"closed","template":"","meta":{"inline_featured_image":false,"footnotes":""},"class_list":["post-4280","page","type-page","status-publish","hentry"],"_links":{"self":[{"href":"https:\/\/nstermomontaza.rs\/sr\/wp-json\/wp\/v2\/pages\/4280","targetHints":{"allow":["GET"]}}],"collection":[{"href":"https:\/\/nstermomontaza.rs\/sr\/wp-json\/wp\/v2\/pages"}],"about":[{"href":"https:\/\/nstermomontaza.rs\/sr\/wp-json\/wp\/v2\/types\/page"}],"author":[{"embeddable":true,"href":"https:\/\/nstermomontaza.rs\/sr\/wp-json\/wp\/v2\/users\/1"}],"replies":[{"embeddable":true,"href":"https:\/\/nstermomontaza.rs\/sr\/wp-json\/wp\/v2\/comments?post=4280"}],"version-history":[{"count":46,"href":"https:\/\/nstermomontaza.rs\/sr\/wp-json\/wp\/v2\/pages\/4280\/revisions"}],"predecessor-version":[{"id":5193,"href":"https:\/\/nstermomontaza.rs\/sr\/wp-json\/wp\/v2\/pages\/4280\/revisions\/5193"}],"wp:attachment":[{"href":"https:\/\/nstermomontaza.rs\/sr\/wp-json\/wp\/v2\/media?parent=4280"}],"curies":[{"name":"wp","href":"https:\/\/api.w.org\/{rel}","templated":true}]}}