{"id":4225,"date":"2023-06-15T07:07:08","date_gmt":"2023-06-15T07:07:08","guid":{"rendered":"https:\/\/nstermomontaza.rs\/?page_id=4225"},"modified":"2023-08-10T08:15:58","modified_gmt":"2023-08-10T08:15:58","slug":"employment","status":"publish","type":"page","link":"https:\/\/nstermomontaza.rs\/sr\/employment\/","title":{"rendered":"Zaposlenje"},"content":{"rendered":"<section class=\"wpb-content-wrapper\"><div data-src=\"https:\/\/nstermomontaza.rs\/wp-content\/uploads\/2023\/06\/cover-4-scaled.jpg\" id=\"tm-row-69d80b1bc091c\" data-vc-full-width=\"true\" data-vc-full-width-init=\"false\" class=\"vc_row vc_row-outer vc_row-fluid tm-lazy-load vc_row-o-content-middle vc_row-flex\"><div id=\"tm-column-69d80b1bc291f\" class=\"wpb_column vc_column_container vc_col-sm-12 vc_col-lg-6 vc_col-md-6\"><div class=\"vc_column-inner\"><div class=\"wpb_wrapper\"><div class=\"tm-spacer\" id=\"tm-spacer-69d80b1bc2e9f\"><\/div>\n\n\t<div class=\"wpb_text_column wpb_content_element  heading-size\" >\n\t\t<div class=\"wpb_wrapper\">\n\t\t\t<h1>Zaposlenje<\/h1>\n\n\t\t<\/div>\n\t<\/div>\n<\/div><\/div><\/div><div id=\"tm-column-69d80b1bc3d14\" class=\"wpb_column vc_column_container vc_col-sm-12 vc_col-lg-offset-1 vc_col-lg-5 vc_col-md-offset-1 vc_col-md-5\"><div class=\"vc_column-inner\"><div class=\"wpb_wrapper\"><div class=\"tm-spacer\" id=\"tm-spacer-69d80b1bc3f77\"><\/div>\n<\/div><\/div><\/div><div id=\"tm-column-69d80b1bc4c4b\" class=\"wpb_column vc_column_container vc_col-sm-12\"><div class=\"vc_column-inner\"><div class=\"wpb_wrapper\"><div class=\"tm-spacer\" id=\"tm-spacer-69d80b1bc4e6d\"><\/div>\n<\/div><\/div><\/div><\/div><div class=\"vc_row-full-width vc_clearfix\"><\/div><section data-src=\"https:\/\/nstermomontaza.rs\/wp-content\/uploads\/2023\/06\/bg.svg\" id=\"tm-section-69d80b1bc6681\" data-vc-full-width=\"true\" data-vc-full-width-init=\"false\" class=\"vc_section tm-lazy-load\"><div id=\"tm-row-69d80b1bc7abe\" class=\"vc_row vc_row-outer vc_row-fluid\"><div id=\"tm-column-69d80b1bc7e62\" class=\"wpb_column vc_column_container vc_col-sm-12\"><div class=\"vc_column-inner\"><div class=\"wpb_wrapper\"><div class=\"tm-spacer\" id=\"tm-spacer-69d80b1bc8030\"><\/div>\n<\/div><\/div><\/div><\/div><div id=\"tm-row-69d80b1bc81f6\" class=\"vc_row vc_row-outer vc_row-fluid vc_row-o-equal-height vc_row-flex\"><div id=\"tm-column-69d80b1bc8538\" class=\"wpb_column vc_column_container vc_col-sm-12 vc_col-lg-offset-2 vc_col-lg-4 vc_col-md-offset-2 vc_col-md-4\"><div class=\"vc_column-inner\"><div class=\"wpb_wrapper\">\n\t<div class=\"wpb_text_column wpb_content_element  vc_custom_1686827265007 box-border\" >\n\t\t<div class=\"wpb_wrapper\">\n\t\t\t<p style=\"text-align: center;\">Ako ste mladi i abiciozni i \u017eeljeni dokazivanja i napredovanja u karijeri, nudimo Vam\nmoguc\u0301nost stalnog zaposlenja.<\/p>\n\n\t\t<\/div>\n\t<\/div>\n<\/div><\/div><\/div><div id=\"tm-column-69d80b1bc8949\" class=\"wpb_column vc_column_container vc_col-sm-12 vc_col-lg-4 vc_col-md-4\"><div class=\"vc_column-inner\"><div class=\"wpb_wrapper\">\n\t<div class=\"wpb_text_column wpb_content_element  vc_custom_1686827287614 box-border\" >\n\t\t<div class=\"wpb_wrapper\">\n\t\t\t<p style=\"text-align: center;\">Ukoliko \u017eelite da postaneta karika u lancu uspe\u0161nih ljudi, kompanija NS-Termomonta\u017ea je pravi izbor za Vas.<\/p>\n\n\t\t<\/div>\n\t<\/div>\n<\/div><\/div><\/div><\/div><div id=\"tm-row-69d80b1bc8cbd\" class=\"vc_row vc_row-outer vc_row-fluid\"><div id=\"tm-column-69d80b1bc8fdd\" class=\"wpb_column vc_column_container vc_col-sm-12\"><div class=\"vc_column-inner\"><div class=\"wpb_wrapper\"><div class=\"tm-spacer\" id=\"tm-spacer-69d80b1bc920c\"><\/div>\n<div class=\"tm-image  tm-animation move-up\" id=\"tm-image-69d80b1bc9871\">\n\t\t\t<div class=\"image\"><img decoding=\"async\" src=\"https:\/\/nstermomontaza.rs\/wp-content\/uploads\/2023\/06\/Group-93.png\" alt=\"Group 93\" \/><\/div>\t\t<\/div>\n<div class=\"tm-spacer\" id=\"tm-spacer-69d80b1bd3de0\"><\/div>\n\n\t<div class=\"wpb_text_column wpb_content_element\" >\n\t\t<div class=\"wpb_wrapper\">\n\t\t\t<h4 style=\"text-align: center;\"><strong>Kontaktirajte nas za otvorene pozicije<\/strong><\/h4>\n\n\t\t<\/div>\n\t<\/div>\n<div class=\"tm-spacer\" id=\"tm-spacer-69d80b1bd3fc5\"><\/div>\n\n\t<div class=\"wpb_text_column wpb_content_element\" >\n\t\t<div class=\"wpb_wrapper\">\n\t\t\t<p style=\"text-align: center;\"><a href=\"mailto:office@nstermomontaza.rs\"><strong>office@nstermomontaza.rs<\/strong><\/a><\/p>\n\n\t\t<\/div>\n\t<\/div>\n\n<div class=\"vc_grid-container-wrapper vc_clearfix vc_grid-animation-fadeIn\">\n\t<div class=\"vc_grid-container vc_clearfix wpb_content_element vc_basic_grid vc_custom_1691655357018\" data-initial-loading-animation=\"fadeIn\" data-vc-grid-settings=\"{&quot;page_id&quot;:4225,&quot;style&quot;:&quot;all&quot;,&quot;action&quot;:&quot;vc_get_vc_grid_data&quot;,&quot;shortcode_id&quot;:&quot;1691655341870-a53b5a63-beb5-8&quot;,&quot;tag&quot;:&quot;vc_basic_grid&quot;}\" data-vc-request=\"https:\/\/nstermomontaza.rs\/wp-admin\/admin-ajax.php\" data-vc-post-id=\"4225\" data-vc-public-nonce=\"388b4df351\">\n\t\t\n\t<\/div>\n<\/div><\/div><\/div><\/div><\/div><\/section><div class=\"vc_row-full-width vc_clearfix\"><\/div><div id=\"tm-row-69d80b1bd813f\" class=\"vc_row vc_row-outer vc_row-fluid\"><div id=\"tm-column-69d80b1bd85da\" class=\"wpb_column vc_column_container vc_col-sm-12\"><div class=\"vc_column-inner\"><div class=\"wpb_wrapper\"><div class=\"tm-spacer\" id=\"tm-spacer-69d80b1bd8885\"><\/div>\n<\/div><\/div><\/div><\/div><div id=\"tm-row-69d80b1bd90e4\" data-vc-full-width=\"true\" data-vc-full-width-init=\"false\" data-vc-stretch-content=\"true\" class=\"vc_row vc_row-outer vc_row-fluid vc_row-no-padding\"><div id=\"tm-column-69d80b1bd9625\" class=\"wpb_column vc_column_container vc_col-sm-12\"><div class=\"vc_column-inner\"><div class=\"wpb_wrapper\"><div class=\"tm-spacer\" id=\"tm-spacer-69d80b1bd9968\"><\/div>\n<div class=\"tm-image  tm-animation move-up\" id=\"tm-image-69d80b1bd9a3a\">\n\t\t\t<div class=\"image\"><img decoding=\"async\" src=\"https:\/\/nstermomontaza.rs\/wp-content\/uploads\/2023\/06\/footer-img-scaled.jpg\" alt=\"footer img\" \/><\/div>\t\t<\/div>\n<\/div><\/div><\/div><\/div><div class=\"vc_row-full-width vc_clearfix\"><\/div><div id=\"tm-row-69d80b1bdd948\" class=\"vc_row vc_row-outer vc_row-fluid\"><div id=\"tm-column-69d80b1bdded4\" class=\"wpb_column vc_column_container vc_col-sm-12\"><div class=\"vc_column-inner\"><div class=\"wpb_wrapper\"><\/div><\/div><\/div><\/div>\n<\/section>","protected":false},"excerpt":{"rendered":"Employment If you are young, ambitious and eager to prove yourself and advance in your career, we offer you the possibility of permanent employment. If you want to become link in the chain of successful people in the NS-Termomonta\u017ea, the company NS-Termomonta\u017ea is the right choice for you. Then apply today and see open positions! office@nstermomontaza.rs","protected":false},"author":1,"featured_media":0,"parent":0,"menu_order":0,"comment_status":"closed","ping_status":"closed","template":"","meta":{"inline_featured_image":false,"footnotes":""},"class_list":["post-4225","page","type-page","status-publish","hentry"],"_links":{"self":[{"href":"https:\/\/nstermomontaza.rs\/sr\/wp-json\/wp\/v2\/pages\/4225","targetHints":{"allow":["GET"]}}],"collection":[{"href":"https:\/\/nstermomontaza.rs\/sr\/wp-json\/wp\/v2\/pages"}],"about":[{"href":"https:\/\/nstermomontaza.rs\/sr\/wp-json\/wp\/v2\/types\/page"}],"author":[{"embeddable":true,"href":"https:\/\/nstermomontaza.rs\/sr\/wp-json\/wp\/v2\/users\/1"}],"replies":[{"embeddable":true,"href":"https:\/\/nstermomontaza.rs\/sr\/wp-json\/wp\/v2\/comments?post=4225"}],"version-history":[{"count":62,"href":"https:\/\/nstermomontaza.rs\/sr\/wp-json\/wp\/v2\/pages\/4225\/revisions"}],"predecessor-version":[{"id":5236,"href":"https:\/\/nstermomontaza.rs\/sr\/wp-json\/wp\/v2\/pages\/4225\/revisions\/5236"}],"wp:attachment":[{"href":"https:\/\/nstermomontaza.rs\/sr\/wp-json\/wp\/v2\/media?parent=4225"}],"curies":[{"name":"wp","href":"https:\/\/api.w.org\/{rel}","templated":true}]}}